{"id":97,"date":"2024-12-04T11:49:57","date_gmt":"2024-12-04T11:49:57","guid":{"rendered":"https:\/\/symposiumgrafica.com\/?page_id=97"},"modified":"2025-12-06T11:09:23","modified_gmt":"2025-12-06T11:09:23","slug":"home","status":"publish","type":"page","link":"https:\/\/symposiumgrafica.com\/ca\/","title":{"rendered":"Presentaci\u00f3"},"content":{"rendered":"<div data-elementor-type=\"wp-page\" data-elementor-id=\"97\" class=\"elementor elementor-97\" data-elementor-post-type=\"page\">\n\t\t\t\t<div class=\"elementor-element elementor-element-d80215f e-flex e-con-boxed e-con e-parent\" data-id=\"d80215f\" data-element_type=\"container\" data-e-type=\"container\">\n\t\t\t\t\t<div class=\"e-con-inner\">\n\t\t\t\t<div class=\"elementor-element elementor-element-e7d3535 elementor-widget elementor-widget-image\" data-id=\"e7d3535\" data-element_type=\"widget\" data-e-type=\"widget\" data-widget_type=\"image.default\">\n\t\t\t\t<div class=\"elementor-widget-container\">\n\t\t\t\t\t\t\t\t\t\t\t\t\t\t\t<img fetchpriority=\"high\" decoding=\"async\" width=\"2560\" height=\"349\" src=\"https:\/\/symposiumgrafica.com\/wp-content\/uploads\/2025\/12\/banner-2026-1-scaled.png\" class=\"attachment-full size-full wp-image-1454\" alt=\"\" srcset=\"https:\/\/symposiumgrafica.com\/wp-content\/uploads\/2025\/12\/banner-2026-1-scaled.png 2560w, https:\/\/symposiumgrafica.com\/wp-content\/uploads\/2025\/12\/banner-2026-1-300x41.png 300w, https:\/\/symposiumgrafica.com\/wp-content\/uploads\/2025\/12\/banner-2026-1-1024x140.png 1024w, https:\/\/symposiumgrafica.com\/wp-content\/uploads\/2025\/12\/banner-2026-1-768x105.png 768w, https:\/\/symposiumgrafica.com\/wp-content\/uploads\/2025\/12\/banner-2026-1-1536x209.png 1536w, https:\/\/symposiumgrafica.com\/wp-content\/uploads\/2025\/12\/banner-2026-1-2048x279.png 2048w, https:\/\/symposiumgrafica.com\/wp-content\/uploads\/2025\/12\/banner-2026-1-18x2.png 18w\" sizes=\"(max-width: 2560px) 100vw, 2560px\" \/>\t\t\t\t\t\t\t\t\t\t\t\t\t\t\t<\/div>\n\t\t\t\t<\/div>\n\t\t\t\t\t<\/div>\n\t\t\t\t<\/div>\n\t\t<div class=\"elementor-element elementor-element-d242976 e-flex e-con-boxed e-con e-parent\" data-id=\"d242976\" data-element_type=\"container\" data-e-type=\"container\">\n\t\t\t\t\t<div class=\"e-con-inner\">\n\t\t<div class=\"elementor-element elementor-element-897220a e-flex e-con-boxed e-con e-child\" data-id=\"897220a\" data-element_type=\"container\" data-e-type=\"container\">\n\t\t\t\t\t<div class=\"e-con-inner\">\n\t\t\t\t<div class=\"elementor-element elementor-element-96cd13b elementor-widget elementor-widget-image\" data-id=\"96cd13b\" data-element_type=\"widget\" data-e-type=\"widget\" data-widget_type=\"image.default\">\n\t\t\t\t<div class=\"elementor-widget-container\">\n\t\t\t\t\t\t\t\t\t\t\t\t\t\t\t<img decoding=\"async\" width=\"800\" height=\"574\" src=\"https:\/\/symposiumgrafica.com\/wp-content\/uploads\/2025\/12\/da4d403ec778c0c32f36bfbe3ce0f82e2001d35d-2-e1765013816552.jpeg\" class=\"attachment-large size-large wp-image-1456\" alt=\"\" srcset=\"https:\/\/symposiumgrafica.com\/wp-content\/uploads\/2025\/12\/da4d403ec778c0c32f36bfbe3ce0f82e2001d35d-2-e1765013816552.jpeg 840w, https:\/\/symposiumgrafica.com\/wp-content\/uploads\/2025\/12\/da4d403ec778c0c32f36bfbe3ce0f82e2001d35d-2-e1765013816552-300x215.jpeg 300w, https:\/\/symposiumgrafica.com\/wp-content\/uploads\/2025\/12\/da4d403ec778c0c32f36bfbe3ce0f82e2001d35d-2-e1765013816552-768x551.jpeg 768w, https:\/\/symposiumgrafica.com\/wp-content\/uploads\/2025\/12\/da4d403ec778c0c32f36bfbe3ce0f82e2001d35d-2-e1765013816552-18x12.jpeg 18w\" sizes=\"(max-width: 800px) 100vw, 800px\" \/>\t\t\t\t\t\t\t\t\t\t\t\t\t\t\t<\/div>\n\t\t\t\t<\/div>\n\t\t\t\t\t<\/div>\n\t\t\t\t<\/div>\n\t\t<div class=\"elementor-element elementor-element-0624a9d e-flex e-con-boxed e-con e-child\" data-id=\"0624a9d\" data-element_type=\"container\" data-e-type=\"container\" data-settings=\"{&quot;background_background&quot;:&quot;classic&quot;}\">\n\t\t\t\t\t<div class=\"e-con-inner\">\n\t\t<div class=\"elementor-element elementor-element-dacb18b e-con-full e-flex e-con e-child\" data-id=\"dacb18b\" data-element_type=\"container\" data-e-type=\"container\" data-settings=\"{&quot;background_background&quot;:&quot;classic&quot;}\">\n\t\t\t\t<div class=\"elementor-element elementor-element-d17133f elementor-widget elementor-widget-heading\" data-id=\"d17133f\" data-element_type=\"widget\" data-e-type=\"widget\" data-widget_type=\"heading.default\">\n\t\t\t\t<div class=\"elementor-widget-container\">\n\t\t\t\t\t<h2 class=\"elementor-heading-title elementor-size-default\">BAU \u00b7 Centre Universitari D'Arts i Disseny<\/h2>\t\t\t\t<\/div>\n\t\t\t\t<\/div>\n\t\t\t\t<div class=\"elementor-element elementor-element-dbbbd73 elementor-widget elementor-widget-text-editor\" data-id=\"dbbbd73\" data-element_type=\"widget\" data-e-type=\"widget\" data-widget_type=\"text-editor.default\">\n\t\t\t\t<div class=\"elementor-widget-container\">\n\t\t\t\t\t\t\t\t\t<p><span style=\"color: #000000;\">La <strong>DOTZENA TROBADA INTERNACIONAL DE RECERCA EN DISSENY GR\u00c0FIC I PUBLICITAT<\/strong> se celebrar\u00e0 els dies 2, 3 i 4 de setembre de 2026 a BARCELONA.<\/span><br \/><span style=\"color: #000000;\">En aquesta edici\u00f3 l'amfitri\u00f3 del symposium \u00e9s <strong>BAU, Centre Universitari d'Arts i Disseny de Barcelona<\/strong>.<\/span><\/p><p><span style=\"color: #000000;\">T'esperem a Barcelona!<\/span><\/p><p><span style=\"color: #000000;\"><a style=\"color: #000000;\" href=\"https:\/\/maps.app.goo.gl\/8df6FH5WxpoFZ1Bi6\"><span style=\"text-decoration: underline;\">Carrer de Pujades, 118, Sant Mart\u00ed, 08005 Barcelona<\/span><\/a><\/span><\/p>\t\t\t\t\t\t\t\t<\/div>\n\t\t\t\t<\/div>\n\t\t\t\t<div class=\"elementor-element elementor-element-49bf1af elementor-align-center elementor-widget elementor-widget-button\" data-id=\"49bf1af\" data-element_type=\"widget\" data-e-type=\"widget\" data-widget_type=\"button.default\">\n\t\t\t\t<div class=\"elementor-widget-container\">\n\t\t\t\t\t\t\t\t\t<div class=\"elementor-button-wrapper\">\n\t\t\t\t\t<a class=\"elementor-button elementor-button-link elementor-size-sm\" href=\"https:\/\/www.baued.es\/ca\" target=\"_blank\">\n\t\t\t\t\t\t<span class=\"elementor-button-content-wrapper\">\n\t\t\t\t\t\t\t\t\t<span class=\"elementor-button-text\">BAU \u00b7 Centre Universitari D'Arts i Disseny<\/span>\n\t\t\t\t\t<\/span>\n\t\t\t\t\t<\/a>\n\t\t\t\t<\/div>\n\t\t\t\t\t\t\t\t<\/div>\n\t\t\t\t<\/div>\n\t\t\t\t<\/div>\n\t\t\t\t\t<\/div>\n\t\t\t\t<\/div>\n\t\t\t\t\t<\/div>\n\t\t\t\t<\/div>\n\t\t<div class=\"elementor-element elementor-element-35f8d42 e-flex e-con-boxed e-con e-parent\" data-id=\"35f8d42\" data-element_type=\"container\" data-e-type=\"container\" data-settings=\"{&quot;background_background&quot;:&quot;classic&quot;}\">\n\t\t\t\t\t<div class=\"e-con-inner\">\n\t\t\t\t<div class=\"elementor-element elementor-element-584dd86 elementor-widget elementor-widget-heading\" data-id=\"584dd86\" data-element_type=\"widget\" data-e-type=\"widget\" data-widget_type=\"heading.default\">\n\t\t\t\t<div class=\"elementor-widget-container\">\n\t\t\t\t\t<h2 class=\"elementor-heading-title elementor-size-default\">Observatori Europeu de la Comunicaci\u00f3 (OEC)<\/h2>\t\t\t\t<\/div>\n\t\t\t\t<\/div>\n\t\t\t\t<div class=\"elementor-element elementor-element-c9675f7 elementor-widget elementor-widget-heading\" data-id=\"c9675f7\" data-element_type=\"widget\" data-e-type=\"widget\" data-widget_type=\"heading.default\">\n\t\t\t\t<div class=\"elementor-widget-container\">\n\t\t\t\t\t<h2 class=\"elementor-heading-title elementor-size-default\">Universitat Europea (Principat d'Andorra)<\/h2>\t\t\t\t<\/div>\n\t\t\t\t<\/div>\n\t\t<div class=\"elementor-element elementor-element-5b7dd5b e-con-full e-flex e-con e-child\" data-id=\"5b7dd5b\" data-element_type=\"container\" data-e-type=\"container\">\n\t\t<div class=\"elementor-element elementor-element-c7fb530 e-con-full e-grid e-con e-child\" data-id=\"c7fb530\" data-element_type=\"container\" data-e-type=\"container\">\n\t\t\t\t<div class=\"elementor-element elementor-element-fd66c9b elementor-widget elementor-widget-text-editor\" data-id=\"fd66c9b\" data-element_type=\"widget\" data-e-type=\"widget\" data-widget_type=\"text-editor.default\">\n\t\t\t\t<div class=\"elementor-widget-container\">\n\t\t\t\t\t\t\t\t\t<p style=\"font-weight: 400;\">El OEC \u00e9s la seu del Symposium grafica_qp i ho organitza en col\u00b7laboraci\u00f3 amb el Grup de Recerca en Estrat\u00e8gia i Creativitat en Publicitat i Relacions P\u00fabliques de la Universitat Ramon Llull; el Grup de Recerca en Publicitat i Relacions P\u00fabliques GRP de la Universitat Aut\u00f2noma de Barcelona; el Grup de Recerca en Projectes de Disseny Gr\u00e0fic de la Universitat de Barcelona i compta amb el suport del Col\u00b7legi Oficial de Disseny Gr\u00e0fic de Catalunya i del Col\u00b7legi de Publicitaris i Relacions P\u00fabliques de Catalunya.\u00a0<\/p>\t\t\t\t\t\t\t\t<\/div>\n\t\t\t\t<\/div>\n\t\t\t\t<div class=\"elementor-element elementor-element-8c724ec elementor-widget elementor-widget-text-editor\" data-id=\"8c724ec\" data-element_type=\"widget\" data-e-type=\"widget\" data-widget_type=\"text-editor.default\">\n\t\t\t\t<div class=\"elementor-widget-container\">\n\t\t\t\t\t\t\t\t\t<p style=\"font-weight: 400;\">El Symposium grafica_qp \u00e9s una iniciativa per a la dinamitzaci\u00f3 de la recerca a trav\u00e9s de les revistes cient\u00edfiques\u00a0<span style=\"color: #ff0000;\"><strong>grafica<\/strong><\/span>\u00a0i\u00a0<span style=\"color: #ff6600;\"><strong>questiones publicitarias<\/strong><\/span>. La trobada internacional sobre Disseny gr\u00e0fic i la Creativitat Publicit\u00e0ria crida a Acad\u00e8mics, Investigadors, Estudiants i Professionals a participar en qualitat d'assistents o en qualitat de ponents assistents amb presentaci\u00f3. Les inscripcions s\u00f3n mecenatges per a les dues revistes.<\/p>\t\t\t\t\t\t\t\t<\/div>\n\t\t\t\t<\/div>\n\t\t<div class=\"elementor-element elementor-element-2af108c e-con-full e-flex e-con e-child\" data-id=\"2af108c\" data-element_type=\"container\" data-e-type=\"container\" data-settings=\"{&quot;background_background&quot;:&quot;classic&quot;}\">\n\t\t\t\t<div class=\"elementor-element elementor-element-cf98126 elementor-align-center elementor-widget__width-initial elementor-widget elementor-widget-button\" data-id=\"cf98126\" data-element_type=\"widget\" data-e-type=\"widget\" data-widget_type=\"button.default\">\n\t\t\t\t<div class=\"elementor-widget-container\">\n\t\t\t\t\t\t\t\t\t<div class=\"elementor-button-wrapper\">\n\t\t\t\t\t<a class=\"elementor-button elementor-button-link elementor-size-sm\" href=\"https:\/\/euniv.eu\/recerca\/observatori-europeu-de-la-comunicacio\/\" target=\"_blank\">\n\t\t\t\t\t\t<span class=\"elementor-button-content-wrapper\">\n\t\t\t\t\t\t\t\t\t<span class=\"elementor-button-text\">Observatori Europeu de la Comunicaci\u00f3<\/span>\n\t\t\t\t\t<\/span>\n\t\t\t\t\t<\/a>\n\t\t\t\t<\/div>\n\t\t\t\t\t\t\t\t<\/div>\n\t\t\t\t<\/div>\n\t\t\t\t<\/div>\n\t\t<div class=\"elementor-element elementor-element-4564d2c e-grid e-con-full e-con e-child\" data-id=\"4564d2c\" data-element_type=\"container\" data-e-type=\"container\" data-settings=\"{&quot;background_background&quot;:&quot;classic&quot;}\">\n\t\t\t\t<div class=\"elementor-element elementor-element-977abd9 elementor-align-right elementor-widget__width-initial elementor-mobile-align-center elementor-widget elementor-widget-button\" data-id=\"977abd9\" data-element_type=\"widget\" data-e-type=\"widget\" data-widget_type=\"button.default\">\n\t\t\t\t<div class=\"elementor-widget-container\">\n\t\t\t\t\t\t\t\t\t<div class=\"elementor-button-wrapper\">\n\t\t\t\t\t<a class=\"elementor-button elementor-button-link elementor-size-sm\" href=\"https:\/\/revistes.uab.cat\/grafica\/index\" target=\"_blank\">\n\t\t\t\t\t\t<span class=\"elementor-button-content-wrapper\">\n\t\t\t\t\t\t\t\t\t<span class=\"elementor-button-text\">revista grafica<\/span>\n\t\t\t\t\t<\/span>\n\t\t\t\t\t<\/a>\n\t\t\t\t<\/div>\n\t\t\t\t\t\t\t\t<\/div>\n\t\t\t\t<\/div>\n\t\t\t\t<div class=\"elementor-element elementor-element-9b1e64f elementor-align-left elementor-mobile-align-center elementor-widget elementor-widget-button\" data-id=\"9b1e64f\" data-element_type=\"widget\" data-e-type=\"widget\" data-widget_type=\"button.default\">\n\t\t\t\t<div class=\"elementor-widget-container\">\n\t\t\t\t\t\t\t\t\t<div class=\"elementor-button-wrapper\">\n\t\t\t\t\t<a class=\"elementor-button elementor-button-link elementor-size-sm\" href=\"https:\/\/questionespublicitarias.es\/index\" target=\"_blank\">\n\t\t\t\t\t\t<span class=\"elementor-button-content-wrapper\">\n\t\t\t\t\t\t\t\t\t<span class=\"elementor-button-text\">questiones publicitarias<\/span>\n\t\t\t\t\t<\/span>\n\t\t\t\t\t<\/a>\n\t\t\t\t<\/div>\n\t\t\t\t\t\t\t\t<\/div>\n\t\t\t\t<\/div>\n\t\t\t\t<\/div>\n\t\t\t\t<\/div>\n\t\t\t\t<\/div>\n\t\t\t\t\t<\/div>\n\t\t\t\t<\/div>\n\t\t<div class=\"elementor-element elementor-element-9cf4c9f e-flex e-con-boxed e-con e-parent\" data-id=\"9cf4c9f\" data-element_type=\"container\" data-e-type=\"container\">\n\t\t\t\t\t<div class=\"e-con-inner\">\n\t\t\t\t<div class=\"elementor-element elementor-element-4fe5a66 elementor-widget elementor-widget-spacer\" data-id=\"4fe5a66\" data-element_type=\"widget\" data-e-type=\"widget\" data-widget_type=\"spacer.default\">\n\t\t\t\t<div class=\"elementor-widget-container\">\n\t\t\t\t\t\t\t<div class=\"elementor-spacer\">\n\t\t\t<div class=\"elementor-spacer-inner\"><\/div>\n\t\t<\/div>\n\t\t\t\t\t\t<\/div>\n\t\t\t\t<\/div>\n\t\t\t\t\t<\/div>\n\t\t\t\t<\/div>\n\t\t<div class=\"elementor-element elementor-element-fb7449c e-grid e-con-boxed e-con e-parent\" data-id=\"fb7449c\" data-element_type=\"container\" data-e-type=\"container\" data-settings=\"{&quot;background_background&quot;:&quot;classic&quot;}\">\n\t\t\t\t\t<div class=\"e-con-inner\">\n\t\t\t\t<div class=\"elementor-element elementor-element-932a326 elementor-widget elementor-widget-image\" data-id=\"932a326\" data-element_type=\"widget\" data-e-type=\"widget\" data-widget_type=\"image.default\">\n\t\t\t\t<div class=\"elementor-widget-container\">\n\t\t\t\t\t\t\t\t\t\t\t\t\t\t\t<img decoding=\"async\" width=\"278\" height=\"135\" src=\"https:\/\/symposiumgrafica.com\/wp-content\/uploads\/2025\/12\/faldon1.svg\" class=\"attachment-medium size-medium wp-image-1493\" alt=\"\" \/>\t\t\t\t\t\t\t\t\t\t\t\t\t\t\t<\/div>\n\t\t\t\t<\/div>\n\t\t\t\t<div class=\"elementor-element elementor-element-eaa71b4 elementor-widget elementor-widget-text-editor\" data-id=\"eaa71b4\" data-element_type=\"widget\" data-e-type=\"widget\" data-widget_type=\"text-editor.default\">\n\t\t\t\t<div class=\"elementor-widget-container\">\n\t\t\t\t\t\t\t\t\t<p>Les revistes cient\u00edfiques <span style=\"color: #ff0000;\"><strong>grafica<\/strong><\/span> i <span style=\"color: #ff6600;\"><strong>Questiones Publicitarias<\/strong><\/span>; i l'Observatori Europeu de la Comunicaci\u00f3 convoquen el \u00abSymposium grafica_qp\u00bb.<\/p>\t\t\t\t\t\t\t\t<\/div>\n\t\t\t\t<\/div>\n\t\t\t\t\t<\/div>\n\t\t\t\t<\/div>\n\t\t<div class=\"elementor-element elementor-element-c8c7299 e-flex e-con-boxed e-con e-parent\" data-id=\"c8c7299\" data-element_type=\"container\" data-e-type=\"container\">\n\t\t\t\t\t<div class=\"e-con-inner\">\n\t\t\t\t<div class=\"elementor-element elementor-element-b57dd08 elementor-widget elementor-widget-spacer\" data-id=\"b57dd08\" data-element_type=\"widget\" data-e-type=\"widget\" data-widget_type=\"spacer.default\">\n\t\t\t\t<div class=\"elementor-widget-container\">\n\t\t\t\t\t\t\t<div class=\"elementor-spacer\">\n\t\t\t<div class=\"elementor-spacer-inner\"><\/div>\n\t\t<\/div>\n\t\t\t\t\t\t<\/div>\n\t\t\t\t<\/div>\n\t\t\t\t\t<\/div>\n\t\t\t\t<\/div>\n\t\t<div class=\"elementor-element elementor-element-8fa7687 e-flex e-con-boxed e-con e-parent\" data-id=\"8fa7687\" data-element_type=\"container\" data-e-type=\"container\">\n\t\t\t\t\t<div class=\"e-con-inner\">\n\t\t<div class=\"elementor-element elementor-element-6eca2a8 e-con-full e-grid e-con e-child\" data-id=\"6eca2a8\" data-element_type=\"container\" data-e-type=\"container\">\n\t\t\t\t<div class=\"elementor-element elementor-element-136b99a elementor-view-stacked elementor-shape-circle elementor-widget elementor-widget-icon\" data-id=\"136b99a\" data-element_type=\"widget\" data-e-type=\"widget\" data-widget_type=\"icon.default\">\n\t\t\t\t<div class=\"elementor-widget-container\">\n\t\t\t\t\t\t\t<div class=\"elementor-icon-wrapper\">\n\t\t\t<a class=\"elementor-icon\" href=\"https:\/\/www.facebook.com\/revistacientificagrafica\/\" target=\"_blank\">\n\t\t\t<svg aria-hidden=\"true\" class=\"e-font-icon-svg e-fab-facebook-square\" viewbox=\"0 0 448 512\" xmlns=\"http:\/\/www.w3.org\/2000\/svg\"><path d=\"M400 32H48A48 48 0 0 0 0 80v352a48 48 0 0 0 48 48h137.25V327.69h-63V256h63v-54.64c0-62.15 37-96.48 93.67-96.48 27.14 0 55.52 4.84 55.52 4.84v61h-31.27c-30.81 0-40.42 19.12-40.42 38.73V256h68.78l-11 71.69h-57.78V480H400a48 48 0 0 0 48-48V80a48 48 0 0 0-48-48z\"><\/path><\/svg>\t\t\t<\/a>\n\t\t<\/div>\n\t\t\t\t\t\t<\/div>\n\t\t\t\t<\/div>\n\t\t\t\t<div class=\"elementor-element elementor-element-0a248c9 elementor-view-stacked elementor-shape-circle elementor-widget elementor-widget-icon\" data-id=\"0a248c9\" data-element_type=\"widget\" data-e-type=\"widget\" data-widget_type=\"icon.default\">\n\t\t\t\t<div class=\"elementor-widget-container\">\n\t\t\t\t\t\t\t<div class=\"elementor-icon-wrapper\">\n\t\t\t<a class=\"elementor-icon\" href=\"https:\/\/x.com\/revista_grafica\" target=\"_blank\">\n\t\t\t<svg aria-hidden=\"true\" class=\"e-font-icon-svg e-fab-x-twitter-square\" viewbox=\"0 0 448 512\" xmlns=\"http:\/\/www.w3.org\/2000\/svg\"><path d=\"M64 32C28.7 32 0 60.7 0 96V416c0 35.3 28.7 64 64 64H384c35.3 0 64-28.7 64-64V96c0-35.3-28.7-64-64-64H64zm297.1 84L257.3 234.6 379.4 396H283.8L209 298.1 123.3 396H75.8l111-126.9L69.7 116h98l67.7 89.5L313.6 116h47.5zM323.3 367.6L153.4 142.9H125.1L296.9 367.6h26.3z\"><\/path><\/svg>\t\t\t<\/a>\n\t\t<\/div>\n\t\t\t\t\t\t<\/div>\n\t\t\t\t<\/div>\n\t\t\t\t<div class=\"elementor-element elementor-element-6d4e51a elementor-view-stacked elementor-shape-circle elementor-widget elementor-widget-icon\" data-id=\"6d4e51a\" data-element_type=\"widget\" data-e-type=\"widget\" data-widget_type=\"icon.default\">\n\t\t\t\t<div class=\"elementor-widget-container\">\n\t\t\t\t\t\t\t<div class=\"elementor-icon-wrapper\">\n\t\t\t<a class=\"elementor-icon\" href=\"https:\/\/www.instagram.com\/symposium_grafica\/?hl=en\" target=\"_blank\">\n\t\t\t<svg aria-hidden=\"true\" class=\"e-font-icon-svg e-fab-instagram\" viewbox=\"0 0 448 512\" xmlns=\"http:\/\/www.w3.org\/2000\/svg\"><path d=\"M224.1 141c-63.6 0-114.9 51.3-114.9 114.9s51.3 114.9 114.9 114.9S339 319.5 339 255.9 287.7 141 224.1 141zm0 189.6c-41.1 0-74.7-33.5-74.7-74.7s33.5-74.7 74.7-74.7 74.7 33.5 74.7 74.7-33.6 74.7-74.7 74.7zm146.4-194.3c0 14.9-12 26.8-26.8 26.8-14.9 0-26.8-12-26.8-26.8s12-26.8 26.8-26.8 26.8 12 26.8 26.8zm76.1 27.2c-1.7-35.9-9.9-67.7-36.2-93.9-26.2-26.2-58-34.4-93.9-36.2-37-2.1-147.9-2.1-184.9 0-35.8 1.7-67.6 9.9-93.9 36.1s-34.4 58-36.2 93.9c-2.1 37-2.1 147.9 0 184.9 1.7 35.9 9.9 67.7 36.2 93.9s58 34.4 93.9 36.2c37 2.1 147.9 2.1 184.9 0 35.9-1.7 67.7-9.9 93.9-36.2 26.2-26.2 34.4-58 36.2-93.9 2.1-37 2.1-147.8 0-184.8zM398.8 388c-7.8 19.6-22.9 34.7-42.6 42.6-29.5 11.7-99.5 9-132.1 9s-102.7 2.6-132.1-9c-19.6-7.8-34.7-22.9-42.6-42.6-11.7-29.5-9-99.5-9-132.1s-2.6-102.7 9-132.1c7.8-19.6 22.9-34.7 42.6-42.6 29.5-11.7 99.5-9 132.1-9s102.7-2.6 132.1 9c19.6 7.8 34.7 22.9 42.6 42.6 11.7 29.5 9 99.5 9 132.1s2.7 102.7-9 132.1z\"><\/path><\/svg>\t\t\t<\/a>\n\t\t<\/div>\n\t\t\t\t\t\t<\/div>\n\t\t\t\t<\/div>\n\t\t\t\t<div class=\"elementor-element elementor-element-f80abcb elementor-view-stacked elementor-shape-circle elementor-widget elementor-widget-icon\" data-id=\"f80abcb\" data-element_type=\"widget\" data-e-type=\"widget\" data-widget_type=\"icon.default\">\n\t\t\t\t<div class=\"elementor-widget-container\">\n\t\t\t\t\t\t\t<div class=\"elementor-icon-wrapper\">\n\t\t\t<a class=\"elementor-icon\" href=\"mailto:symposium.grafica@uab.cat\" target=\"_blank\">\n\t\t\t<svg aria-hidden=\"true\" class=\"e-font-icon-svg e-fas-envelope\" viewbox=\"0 0 512 512\" xmlns=\"http:\/\/www.w3.org\/2000\/svg\"><path d=\"M502.3 190.8c3.9-3.1 9.7-.2 9.7 4.7V400c0 26.5-21.5 48-48 48H48c-26.5 0-48-21.5-48-48V195.6c0-5 5.7-7.8 9.7-4.7 22.4 17.4 52.1 39.5 154.1 113.6 21.1 15.4 56.7 47.8 92.2 47.6 35.7.3 72-32.8 92.3-47.6 102-74.1 131.6-96.3 154-113.7zM256 320c23.2.4 56.6-29.2 73.4-41.4 132.7-96.3 142.8-104.7 173.4-128.7 5.8-4.5 9.2-11.5 9.2-18.9v-19c0-26.5-21.5-48-48-48H48C21.5 64 0 85.5 0 112v19c0 7.4 3.4 14.3 9.2 18.9 30.6 23.9 40.7 32.4 173.4 128.7 16.8 12.2 50.2 41.8 73.4 41.4z\"><\/path><\/svg>\t\t\t<\/a>\n\t\t<\/div>\n\t\t\t\t\t\t<\/div>\n\t\t\t\t<\/div>\n\t\t\t\t<\/div>\n\t\t\t\t\t<\/div>\n\t\t\t\t<\/div>\n\t\t\t\t<\/div>","protected":false},"excerpt":{"rendered":"<p>BAU \u00b7 Centro Universitario de Artes y Dise\u00f1o El DUOD\u00c9CIMO ENCUENTRO INTERNACIONAL DE INVESTIGACI\u00d3N EN DISE\u00d1O GR\u00c1FICO Y PUBLICIDAD se celebrar\u00e1 los d\u00edas 2, 3 y 4 de septiembre de 2026 en BARCELONA.En esta edici\u00f3n el anfitri\u00f3n del symposium es BAU, Centro Universitario de Artes y Dise\u00f1o de Barcelona. \u00a1Te esperamos en Barcelona! Carrer de [&hellip;]<\/p>\n","protected":false},"author":1,"featured_media":0,"parent":0,"menu_order":0,"comment_status":"closed","ping_status":"closed","template":"","meta":{"footnotes":""},"class_list":["post-97","page","type-page","status-publish","hentry"],"_links":{"self":[{"href":"https:\/\/symposiumgrafica.com\/ca\/wp-json\/wp\/v2\/pages\/97","targetHints":{"allow":["GET"]}}],"collection":[{"href":"https:\/\/symposiumgrafica.com\/ca\/wp-json\/wp\/v2\/pages"}],"about":[{"href":"https:\/\/symposiumgrafica.com\/ca\/wp-json\/wp\/v2\/types\/page"}],"author":[{"embeddable":true,"href":"https:\/\/symposiumgrafica.com\/ca\/wp-json\/wp\/v2\/users\/1"}],"replies":[{"embeddable":true,"href":"https:\/\/symposiumgrafica.com\/ca\/wp-json\/wp\/v2\/comments?post=97"}],"version-history":[{"count":274,"href":"https:\/\/symposiumgrafica.com\/ca\/wp-json\/wp\/v2\/pages\/97\/revisions"}],"predecessor-version":[{"id":1539,"href":"https:\/\/symposiumgrafica.com\/ca\/wp-json\/wp\/v2\/pages\/97\/revisions\/1539"}],"wp:attachment":[{"href":"https:\/\/symposiumgrafica.com\/ca\/wp-json\/wp\/v2\/media?parent=97"}],"curies":[{"name":"wp","href":"https:\/\/api.w.org\/{rel}","templated":true}]}}